{"id":7686,"date":"2024-08-15T13:43:46","date_gmt":"2024-08-15T13:43:46","guid":{"rendered":"https:\/\/ultrasafe.ma\/?post_type=product&#038;p=7686"},"modified":"2025-09-18T14:24:18","modified_gmt":"2025-09-18T14:24:18","slug":"sahara-pro","status":"publish","type":"product","link":"https:\/\/ultrasafe.ma\/?product=sahara-pro","title":{"rendered":"SAHARA PRO : Chaussure de s\u00e9curit\u00e9 haute S3 et SRC"},"content":{"rendered":"","protected":false},"excerpt":{"rendered":"<p><span style=\"color: #ffcc00;\">R\u00e9f\u00e9rence : SAHARA PRO 712<\/span><\/p>\n<p>\u2713Chaussure de protection \u00e0 lacets en cuir de vachette noir d&rsquo;une \u00e9paisseur de 1,8 mm.<br \/>\n\u2713 La semelle est en polyur\u00e9thane antistatique \u00e0 double densit\u00e9, inject\u00e9e directement dans la partie sup\u00e9rieure de la Chaussure<\/p>\n<p>\u2713 La partie externe de la semelle est antid\u00e9rapante (SRC), r\u00e9sistante \u00e0 l&rsquo;abrasion et aux hydrocarbures (FO).<br \/>\n\u2713Elle dissipe \u00e9galement les charges \u00e9lectrostatiques: antistatique (A).<br \/>\n\u2713Semelle intercalaire en acier avec une r\u00e9sistance \u00e0 la perforation de 1100N (P).<br \/>\n\u2713 Sa partie interne est en polyur\u00e9thane noir \u00e0 basse densit\u00e9, confortable et anti-chocs. R\u00e9sistance \u00e0 la d\u00e9chirure.<br \/>\n\u2713Embout en acier extra r\u00e9sistant \u00e0 la corrosion, avec une r\u00e9sistance de 200 J.<br \/>\n\u2713Languette en polyur\u00e9thane noire.<br \/>\n\u2713R\u00e9sistance \u00e0 la flexion et \u00e0 la corrosion.<br \/>\n\u2713Rev\u00eatement en treillis d&rsquo;acier polyester<br \/>\n\u2713La semelle en contact avec le pied est en mousse de latex, antibact\u00e9rienne et antistatique<br \/>\n\u2713Elle poss\u00e8de une semelle int\u00e9rieure confortable et une doublure en tissu matelass\u00e9 et absorbant. \u00c9paisseur de la semelle intercalaire : 2,2 mm. \u2713\u00c9paisseur du cuir: 1,8 mm.<br \/>\n\u2713R\u00e9sistant \u00e0 l&rsquo;eau (WRU).<\/p>\n","protected":false},"featured_media":7679,"comment_status":"open","ping_status":"closed","template":"","meta":{"inline_featured_image":false},"product_cat":[172,104],"product_tag":[],"class_list":{"0":"post-7686","1":"product","2":"type-product","3":"status-publish","4":"has-post-thumbnail","6":"product_cat-protection-des-pieds","7":"product_cat-s3","9":"first","10":"instock","11":"shipping-taxable","12":"product-type-simple"},"_links":{"self":[{"href":"https:\/\/ultrasafe.ma\/index.php?rest_route=\/wp\/v2\/product\/7686","targetHints":{"allow":["GET"]}}],"collection":[{"href":"https:\/\/ultrasafe.ma\/index.php?rest_route=\/wp\/v2\/product"}],"about":[{"href":"https:\/\/ultrasafe.ma\/index.php?rest_route=\/wp\/v2\/types\/product"}],"replies":[{"embeddable":true,"href":"https:\/\/ultrasafe.ma\/index.php?rest_route=%2Fwp%2Fv2%2Fcomments&post=7686"}],"version-history":[{"count":6,"href":"https:\/\/ultrasafe.ma\/index.php?rest_route=\/wp\/v2\/product\/7686\/revisions"}],"predecessor-version":[{"id":8690,"href":"https:\/\/ultrasafe.ma\/index.php?rest_route=\/wp\/v2\/product\/7686\/revisions\/8690"}],"wp:featuredmedia":[{"embeddable":true,"href":"https:\/\/ultrasafe.ma\/index.php?rest_route=\/wp\/v2\/media\/7679"}],"wp:attachment":[{"href":"https:\/\/ultrasafe.ma\/index.php?rest_route=%2Fwp%2Fv2%2Fmedia&parent=7686"}],"wp:term":[{"taxonomy":"product_cat","embeddable":true,"href":"https:\/\/ultrasafe.ma\/index.php?rest_route=%2Fwp%2Fv2%2Fproduct_cat&post=7686"},{"taxonomy":"product_tag","embeddable":true,"href":"https:\/\/ultrasafe.ma\/index.php?rest_route=%2Fwp%2Fv2%2Fproduct_tag&post=7686"}],"curies":[{"name":"wp","href":"https:\/\/api.w.org\/{rel}","templated":true}]}}