{"id":7688,"date":"2024-08-15T13:45:41","date_gmt":"2024-08-15T13:45:41","guid":{"rendered":"https:\/\/ultrasafe.ma\/?post_type=product&#038;p=7688"},"modified":"2024-10-02T17:24:15","modified_gmt":"2024-10-02T17:24:15","slug":"ncio","status":"publish","type":"product","link":"https:\/\/ultrasafe.ma\/?product=ncio","title":{"rendered":"NCIO 740 : Chaussure nubuck bleu a\u00e9r\u00e9e S1P"},"content":{"rendered":"","protected":false},"excerpt":{"rendered":"<p><span style=\"color: #ffcc00;\">R\u00e9f\u00e9rence : NCIO 740<\/span><\/p>\n<p>Chaussure \u00e0 lacets en su\u00e8de nubuck de couleur bleu (cuir de vachette)<\/p>\n<p>\u2713 Semelle en polyur\u00e9thane \u00e0 double densit\u00e9. Extra respirante avec des perforations pour la ventilation.<br \/>\n\u2713 Antistatique (A).<br \/>\n\u2713R\u00e9sistance au glissement de la semelle (SRC).<br \/>\n\u2713Semelle int\u00e9rieure en tissu rembourr\u00e9 et absorbant.<br \/>\n\u2713 Embout en acier avec une r\u00e9sistance de 200J.<br \/>\n\u2713 Semelle interm\u00e9diaire en acier.<br \/>\n\u2713 Haute r\u00e9sistance \u00e0 la corrosion. Languette en polyur\u00e9thane. Doublure en maille de polyester. \u2713 R\u00e9sistance aux chocs.<br \/>\n\u2713 R\u00e9sistance \u00e0 la compression (protection des orteils). \u2713 R\u00e9sistance \u00e0 la flexion et \u00e0 la d\u00e9chirure.<br \/>\n\u2713 R\u00e9sistance de la semelle aux hydrocarbures (FO). R\u00e9sistance \u00e0 la perforation : 1100 N (P).<br \/>\n\u2713 \u00c9paisseur de la semelle int\u00e9rieure: 2,1-2,2 mm.<\/p>\n<p>R\u00e9sistance au glissement sur sol en c\u00e9ramique avec dissolution savonneuse et sol en acier avec glyc\u00e9rine<\/p>\n","protected":false},"featured_media":7673,"comment_status":"open","ping_status":"closed","template":"elementor_theme","meta":{"inline_featured_image":false},"product_cat":[172,102],"product_tag":[],"class_list":{"0":"post-7688","1":"product","2":"type-product","3":"status-publish","4":"has-post-thumbnail","6":"product_cat-protection-des-pieds","7":"product_cat-s1p","9":"first","10":"instock","11":"downloadable","12":"shipping-taxable","13":"product-type-simple"},"_links":{"self":[{"href":"https:\/\/ultrasafe.ma\/index.php?rest_route=\/wp\/v2\/product\/7688","targetHints":{"allow":["GET"]}}],"collection":[{"href":"https:\/\/ultrasafe.ma\/index.php?rest_route=\/wp\/v2\/product"}],"about":[{"href":"https:\/\/ultrasafe.ma\/index.php?rest_route=\/wp\/v2\/types\/product"}],"replies":[{"embeddable":true,"href":"https:\/\/ultrasafe.ma\/index.php?rest_route=%2Fwp%2Fv2%2Fcomments&post=7688"}],"version-history":[{"count":5,"href":"https:\/\/ultrasafe.ma\/index.php?rest_route=\/wp\/v2\/product\/7688\/revisions"}],"predecessor-version":[{"id":8613,"href":"https:\/\/ultrasafe.ma\/index.php?rest_route=\/wp\/v2\/product\/7688\/revisions\/8613"}],"wp:featuredmedia":[{"embeddable":true,"href":"https:\/\/ultrasafe.ma\/index.php?rest_route=\/wp\/v2\/media\/7673"}],"wp:attachment":[{"href":"https:\/\/ultrasafe.ma\/index.php?rest_route=%2Fwp%2Fv2%2Fmedia&parent=7688"}],"wp:term":[{"taxonomy":"product_cat","embeddable":true,"href":"https:\/\/ultrasafe.ma\/index.php?rest_route=%2Fwp%2Fv2%2Fproduct_cat&post=7688"},{"taxonomy":"product_tag","embeddable":true,"href":"https:\/\/ultrasafe.ma\/index.php?rest_route=%2Fwp%2Fv2%2Fproduct_tag&post=7688"}],"curies":[{"name":"wp","href":"https:\/\/api.w.org\/{rel}","templated":true}]}}