{"id":7692,"date":"2024-08-15T13:48:35","date_gmt":"2024-08-15T13:48:35","guid":{"rendered":"https:\/\/ultrasafe.ma\/?post_type=product&#038;p=7692"},"modified":"2025-09-18T14:25:05","modified_gmt":"2025-09-18T14:25:05","slug":"andio","status":"publish","type":"product","link":"https:\/\/ultrasafe.ma\/?product=andio","title":{"rendered":"ANDIO : Chaussure haute en nobuck ESD S3 HRO 300\u00baC"},"content":{"rendered":"","protected":false},"excerpt":{"rendered":"<p><span style=\"color: #ffcc00;\">R\u00e9f\u00e9rence : ANDIO 842<\/span><\/p>\n<p>\u2713Chaussure noir en nobuck black action avec des bandes r\u00e9fl\u00e9chissantes.<br \/>\n\u2713 ESD antistatique : adapt\u00e9 \u00e0 l&rsquo;industrie micro\u00e9lectronique et aux zones ATEX.<br \/>\n\u2713 Semelle bicomposante en PU et caoutchouc nitrile.<br \/>\n\u2713 Mod\u00e8le tr\u00e8s confortable, l\u00e9ger et avec un col rembourr\u00e9.<br \/>\n\u2713 Dot\u00e9e d&rsquo;une semelle int\u00e9rieure antibact\u00e9rienne et d&rsquo;une doublure en tissu rembourr\u00e9 et absorbant, garantissant que le pied reste frais, sec et sans mauvaises odeurs.<br \/>\n\u2713 Embout composite \u00e0 haute r\u00e9sistance, super l\u00e9ger et ultra flexible, permettant de prot\u00e9ger l&rsquo;extr\u00e9mit\u00e9 du pied avec une r\u00e9sistance \u00e9quivalente \u00e0 celle d&rsquo;un embout m\u00e9tallique, mais avec les avantages d&rsquo;une sensation de chaussure plus douce, permettant un usage prolong\u00e9 et offrant un confort accru.<br \/>\n\u2713Antistatique (A) et antid\u00e9rapante (SRC).<br \/>\n\u2713Semelle intercalaire anti-perforation en kevlar\u00ae jusqu&rsquo;\u00e0 1100N (P). Embout composite (r\u00e9sistance de 200J).<br \/>\n\u2713 R\u00e9sistant aux hydrocarbures, aux huiles et aux alcalis (FO).<br \/>\n\u2713 Hydrofuge (WRU). Semelle r\u00e9sistante \u00e0 la chaleur jusqu&rsquo;\u00e0 300\u00b0C (HRO).<\/p>\n","protected":false},"featured_media":7660,"comment_status":"open","ping_status":"closed","template":"","meta":{"inline_featured_image":false},"product_cat":[185,172,105,104],"product_tag":[],"class_list":{"0":"post-7692","1":"product","2":"type-product","3":"status-publish","4":"has-post-thumbnail","6":"product_cat-botte-de-securite-safety-boots-shoes","7":"product_cat-protection-des-pieds","8":"product_cat-esd","9":"product_cat-s3","11":"first","12":"instock","13":"featured","14":"shipping-taxable","15":"product-type-simple"},"_links":{"self":[{"href":"https:\/\/ultrasafe.ma\/index.php?rest_route=\/wp\/v2\/product\/7692","targetHints":{"allow":["GET"]}}],"collection":[{"href":"https:\/\/ultrasafe.ma\/index.php?rest_route=\/wp\/v2\/product"}],"about":[{"href":"https:\/\/ultrasafe.ma\/index.php?rest_route=\/wp\/v2\/types\/product"}],"replies":[{"embeddable":true,"href":"https:\/\/ultrasafe.ma\/index.php?rest_route=%2Fwp%2Fv2%2Fcomments&post=7692"}],"version-history":[{"count":6,"href":"https:\/\/ultrasafe.ma\/index.php?rest_route=\/wp\/v2\/product\/7692\/revisions"}],"predecessor-version":[{"id":7791,"href":"https:\/\/ultrasafe.ma\/index.php?rest_route=\/wp\/v2\/product\/7692\/revisions\/7791"}],"wp:featuredmedia":[{"embeddable":true,"href":"https:\/\/ultrasafe.ma\/index.php?rest_route=\/wp\/v2\/media\/7660"}],"wp:attachment":[{"href":"https:\/\/ultrasafe.ma\/index.php?rest_route=%2Fwp%2Fv2%2Fmedia&parent=7692"}],"wp:term":[{"taxonomy":"product_cat","embeddable":true,"href":"https:\/\/ultrasafe.ma\/index.php?rest_route=%2Fwp%2Fv2%2Fproduct_cat&post=7692"},{"taxonomy":"product_tag","embeddable":true,"href":"https:\/\/ultrasafe.ma\/index.php?rest_route=%2Fwp%2Fv2%2Fproduct_tag&post=7692"}],"curies":[{"name":"wp","href":"https:\/\/api.w.org\/{rel}","templated":true}]}}