{"id":7702,"date":"2024-08-15T14:00:10","date_gmt":"2024-08-15T14:00:10","guid":{"rendered":"https:\/\/ultrasafe.ma\/?post_type=product&#038;p=7702"},"modified":"2024-10-02T17:22:39","modified_gmt":"2024-10-02T17:22:39","slug":"botte-de-securite","status":"publish","type":"product","link":"https:\/\/ultrasafe.ma\/?product=botte-de-securite","title":{"rendered":"Botte de s\u00e9curit\u00e9 en PVC : S5 SRC"},"content":{"rendered":"","protected":false},"excerpt":{"rendered":"<p><span style=\"color: #ffcc00;\">R\u00e9f\u00e9rence : 140P S5 SRC<\/span><\/p>\n<p><strong>Sp\u00e9cifications du produit<\/strong><br \/>\nMateriel tige de la botte: PVC de haute qualit\u00e9 Materiel semelle ext\u00e9rieure: PVC + nitrile<br \/>\nDoublure : textile (OEKO-TEX\u00ae)<br \/>\nCouleurs disponibles: Olive, Noir, Jaune<br \/>\nEmballage: sacs en poly\u00e9thyl\u00e8ne, cartons<\/p>\n<p><strong>Choses \u00e0 savoir :\u00a0<\/strong><br \/>\nEmbout: Acier, r\u00e9sistance +\/- 200 Joules<br \/>\nSemelle interm\u00e9diaire : Acier<br \/>\nSemelle ext\u00e9rieure antid\u00e9rapante : SRC<br \/>\nSemelle ext\u00e9rieure r\u00e9sistante \u00e0 l&rsquo;huile : Oui Absorption d&rsquo;\u00e9nergie: Oui<br \/>\nIsolation \u00e9lectrique : Antistatique<br \/>\nR\u00e9sistant aux huiles combustibles: Oui<br \/>\nCat\u00e9gorie: 2<\/p>\n<p><strong>Certifications :<\/strong><br \/>\nEN ISO 20345: 2011 S5 SRC<br \/>\nNotifi\u00e9 par le responsable de l&rsquo;examen : 2777 &#8211; SATRA Technology Europe Limited Marquage CE &#8211; oui<\/p>\n","protected":false},"featured_media":7669,"comment_status":"open","ping_status":"closed","template":"","meta":{"inline_featured_image":false},"product_cat":[177,172],"product_tag":[],"class_list":{"0":"post-7702","1":"product","2":"type-product","3":"status-publish","4":"has-post-thumbnail","6":"product_cat-s5","7":"product_cat-protection-des-pieds","9":"first","10":"instock","11":"shipping-taxable","12":"product-type-simple"},"_links":{"self":[{"href":"https:\/\/ultrasafe.ma\/index.php?rest_route=\/wp\/v2\/product\/7702","targetHints":{"allow":["GET"]}}],"collection":[{"href":"https:\/\/ultrasafe.ma\/index.php?rest_route=\/wp\/v2\/product"}],"about":[{"href":"https:\/\/ultrasafe.ma\/index.php?rest_route=\/wp\/v2\/types\/product"}],"replies":[{"embeddable":true,"href":"https:\/\/ultrasafe.ma\/index.php?rest_route=%2Fwp%2Fv2%2Fcomments&post=7702"}],"version-history":[{"count":5,"href":"https:\/\/ultrasafe.ma\/index.php?rest_route=\/wp\/v2\/product\/7702\/revisions"}],"predecessor-version":[{"id":8624,"href":"https:\/\/ultrasafe.ma\/index.php?rest_route=\/wp\/v2\/product\/7702\/revisions\/8624"}],"wp:featuredmedia":[{"embeddable":true,"href":"https:\/\/ultrasafe.ma\/index.php?rest_route=\/wp\/v2\/media\/7669"}],"wp:attachment":[{"href":"https:\/\/ultrasafe.ma\/index.php?rest_route=%2Fwp%2Fv2%2Fmedia&parent=7702"}],"wp:term":[{"taxonomy":"product_cat","embeddable":true,"href":"https:\/\/ultrasafe.ma\/index.php?rest_route=%2Fwp%2Fv2%2Fproduct_cat&post=7702"},{"taxonomy":"product_tag","embeddable":true,"href":"https:\/\/ultrasafe.ma\/index.php?rest_route=%2Fwp%2Fv2%2Fproduct_tag&post=7702"}],"curies":[{"name":"wp","href":"https:\/\/api.w.org\/{rel}","templated":true}]}}