{"id":7709,"date":"2024-08-15T14:04:04","date_gmt":"2024-08-15T14:04:04","guid":{"rendered":"https:\/\/ultrasafe.ma\/?post_type=product&#038;p=7709"},"modified":"2025-09-18T14:24:16","modified_gmt":"2025-09-18T14:24:16","slug":"xio","status":"publish","type":"product","link":"https:\/\/ultrasafe.ma\/?product=xio","title":{"rendered":"XIO 532 : Chaussure sportive l\u00e9g\u00e8re sans m\u00e9tal ESD S1P"},"content":{"rendered":"","protected":false},"excerpt":{"rendered":"<p><span style=\"color: #ffcc00;\">R\u00e9f\u00e9rence : XIO 532<\/span><\/p>\n<p>Chaussure de sport \u00e0 lacets, transpirable, de couleur noire avec des d\u00e9tails contrastants en gris.<br \/>\n\u2713 Doublure en mesh. Son design ergonomique est compl\u00e9t\u00e9 par un rembourrage en mesh \u00e0 l&rsquo;int\u00e9rieur pour \u00e9viter les frottements, offrant une protection et un confort sup\u00e9rieurs par rapport aux chaussures traditionnelles.<\/p>\n<p>\u2713Talon recouvert de mesh.<br \/>\n\u2713 Semelle en caoutchouc + EVA ciment\u00e9e. La semelle est <strong>anti-d\u00e9rapante et r\u00e9sistante aux hydrocarbures (FO)<\/strong>, <strong>aux huiles et aux alcalis<\/strong>, id\u00e9ale pour les <strong>environnements glissants<\/strong> ou les <strong>travaux avec des liquides ou des huiles<\/strong>.<\/p>\n<p>\u2713 Semelle interm\u00e9diaire en kevlar\u00ae anti-perforation, avec une r\u00e9sistance jusqu&rsquo;\u00e0 1100N (P). Le kevlar\u00ae est un polym\u00e8re inflammable, cinq fois plus r\u00e9sistant que l&rsquo;acier \u00e0 poids \u00e9gal. Il offre une <strong>haute r\u00e9sistance thermique et aux flammes<\/strong>, de plus, ses propri\u00e9t\u00e9s de traction sont sup\u00e9rieures \u00e0 celles des fibres textiles normales. Ce type de fibre a des performances bien sup\u00e9rieures \u00e0 celles des autres fibres, qui combine sa r\u00e9sistance et son faible poids, avec le confort et la protection.<\/p>\n<p>\u2713Antistatique (A), <strong>r\u00e9sistant \u00e0 la flexion et \u00e0 la d\u00e9chirure<\/strong>, avec une <strong>haute r\u00e9sistance \u00e0 l&rsquo;abrasion<\/strong>, \u00e0 la compression et \u00e0 l&rsquo;impact.<\/p>\n<p>\u2713 Semelle int\u00e9rieure <strong>respirante et antistatique<\/strong>, avec membrane int\u00e9gr\u00e9e pour garantir que le pied reste frais, sec et exempt de mauvaises odeurs.<\/p>\n<p>\u2713 La chaussure offre une protection \u00e9tendue de l&rsquo;orteil, gr\u00e2ce \u00e0 sa tr\u00e8s haute r\u00e9sistance \u00e0 la compression et \u00e0 l&rsquo;impact. Fournit une s\u00e9curit\u00e9 contre les chocs jusqu&rsquo;\u00e0 200 J.<\/p>\n<p>\u2713 Ne contient<strong> pas de pi\u00e8ces m\u00e9talliques<\/strong> : il ne contient pas de boucles m\u00e9talliques, la semelle interm\u00e9diaire est en kevlar\u00ae,<br \/>\net l&#8217;embout est en composite haute r\u00e9sistance, super l\u00e9ger et ultra flexible, ce qui permet de prot\u00e9ger la pointe du pied avec une r\u00e9sistance \u00e9quivalente \u00e0 celle d&rsquo;un embout m\u00e9tallique, mais avec les avantages de sentir la chaussure plus douce, en permettant son utilisation plus longtemps et en offrant un plus grand confort. De plus, elle n&rsquo;est pas d\u00e9tect\u00e9e par des d\u00e9tecteurs de m\u00e9taux et conduit moins de chaleur ou de froid.<\/p>\n<p>\u2713 Conception \u00e9tudi\u00e9e dans le processus de fabrication pour assurer une <strong>longue dur\u00e9e de vie de la chaussure <\/strong>de s\u00e9curit\u00e9, ainsi qu&rsquo;un confort, une flexibilit\u00e9 et une r\u00e9sistance in\u00e9gal\u00e9s.<\/p>\n<p>Chaussure l\u00e9g\u00e8re : 375gr<\/p>\n","protected":false},"featured_media":7681,"comment_status":"open","ping_status":"closed","template":"","meta":{"inline_featured_image":false},"product_cat":[172,105,102],"product_tag":[],"class_list":{"0":"post-7709","1":"product","2":"type-product","3":"status-publish","4":"has-post-thumbnail","6":"product_cat-protection-des-pieds","7":"product_cat-esd","8":"product_cat-s1p","10":"first","11":"instock","12":"shipping-taxable","13":"product-type-simple"},"_links":{"self":[{"href":"https:\/\/ultrasafe.ma\/index.php?rest_route=\/wp\/v2\/product\/7709","targetHints":{"allow":["GET"]}}],"collection":[{"href":"https:\/\/ultrasafe.ma\/index.php?rest_route=\/wp\/v2\/product"}],"about":[{"href":"https:\/\/ultrasafe.ma\/index.php?rest_route=\/wp\/v2\/types\/product"}],"replies":[{"embeddable":true,"href":"https:\/\/ultrasafe.ma\/index.php?rest_route=%2Fwp%2Fv2%2Fcomments&post=7709"}],"version-history":[{"count":7,"href":"https:\/\/ultrasafe.ma\/index.php?rest_route=\/wp\/v2\/product\/7709\/revisions"}],"predecessor-version":[{"id":8619,"href":"https:\/\/ultrasafe.ma\/index.php?rest_route=\/wp\/v2\/product\/7709\/revisions\/8619"}],"wp:featuredmedia":[{"embeddable":true,"href":"https:\/\/ultrasafe.ma\/index.php?rest_route=\/wp\/v2\/media\/7681"}],"wp:attachment":[{"href":"https:\/\/ultrasafe.ma\/index.php?rest_route=%2Fwp%2Fv2%2Fmedia&parent=7709"}],"wp:term":[{"taxonomy":"product_cat","embeddable":true,"href":"https:\/\/ultrasafe.ma\/index.php?rest_route=%2Fwp%2Fv2%2Fproduct_cat&post=7709"},{"taxonomy":"product_tag","embeddable":true,"href":"https:\/\/ultrasafe.ma\/index.php?rest_route=%2Fwp%2Fv2%2Fproduct_tag&post=7709"}],"curies":[{"name":"wp","href":"https:\/\/api.w.org\/{rel}","templated":true}]}}