{"id":8801,"date":"2024-10-14T09:06:52","date_gmt":"2024-10-14T09:06:52","guid":{"rendered":"https:\/\/ultrasafe.ma\/?post_type=product&#038;p=8801"},"modified":"2024-12-17T16:56:00","modified_gmt":"2024-12-17T16:56:00","slug":"neo-s3","status":"publish","type":"product","link":"https:\/\/ultrasafe.ma\/?product=neo-s3","title":{"rendered":"NEON : Chaussure de s\u00e9curit\u00e9 S3"},"content":{"rendered":"","protected":false},"excerpt":{"rendered":"<p><span style=\"color: #ff9900;\">R\u00e9f\u00e9rence : NEON 702<\/span><\/p>\n<p>Chaussure de protection \u00e0 lacets en cuir de vachette noir d&rsquo;une \u00e9paisseur de 1,8 mm.<br \/>\n-La semelle est en polyur\u00e9thane antistatique \u00e0 double densit\u00e9, inject\u00e9e directement dans<br \/>\nla partie sup\u00e9rieure de la Chaussure .<br \/>\n-La partie externe de la semelle est antid\u00e9rapante (SRC), r\u00e9sistante \u00e0 l&rsquo;abrasion et aux<br \/>\nhydrocarbures (FO).<br \/>\n-Elle dissipe \u00e9galement les charges \u00e9lectrostatiques : antistatique (A).<br \/>\n-Semelle intercalaire en acier avec une r\u00e9sistance \u00e0 la perforation de 1100N (P).<br \/>\n-Sa partie interne est en polyur\u00e9thane noir \u00e0 basse densit\u00e9, confortable et anti-chocs.<br \/>\n-R\u00e9sistance \u00e0 la d\u00e9chirure.<br \/>\n-Embout en acier extra r\u00e9sistant \u00e0 la corrosion, avec une r\u00e9sistance de 200 J.<br \/>\n-Languette en polyur\u00e9thane noir.<br \/>\n-R\u00e9sistance \u00e0 la flexion et \u00e0 la corrosion.<br \/>\n-Rev\u00eatement en treillis d&rsquo;acier polyester<br \/>\n-La semelle en contact avec le pied est en mousse de latex, antibact\u00e9rienne et antistatique<br \/>\n-Elle poss\u00e8de une semelle int\u00e9rieure confortable et une doublure en tissu matelass\u00e9 et<br \/>\nabsorbant.<br \/>\n-\u00c9paisseur de la semelle intercalaire : 2,2 mm. \u00c9paisseur du cuir : 1,8 mm.<br \/>\n-R\u00e9sistant \u00e0 l&rsquo;eau (WRU)<\/p>\n","protected":false},"featured_media":8802,"comment_status":"open","ping_status":"closed","template":"","meta":{"inline_featured_image":false},"product_cat":[172,104],"product_tag":[],"class_list":{"0":"post-8801","1":"product","2":"type-product","3":"status-publish","4":"has-post-thumbnail","6":"product_cat-protection-des-pieds","7":"product_cat-s3","9":"first","10":"instock","11":"shipping-taxable","12":"product-type-simple"},"_links":{"self":[{"href":"https:\/\/ultrasafe.ma\/index.php?rest_route=\/wp\/v2\/product\/8801","targetHints":{"allow":["GET"]}}],"collection":[{"href":"https:\/\/ultrasafe.ma\/index.php?rest_route=\/wp\/v2\/product"}],"about":[{"href":"https:\/\/ultrasafe.ma\/index.php?rest_route=\/wp\/v2\/types\/product"}],"replies":[{"embeddable":true,"href":"https:\/\/ultrasafe.ma\/index.php?rest_route=%2Fwp%2Fv2%2Fcomments&post=8801"}],"version-history":[{"count":4,"href":"https:\/\/ultrasafe.ma\/index.php?rest_route=\/wp\/v2\/product\/8801\/revisions"}],"predecessor-version":[{"id":8810,"href":"https:\/\/ultrasafe.ma\/index.php?rest_route=\/wp\/v2\/product\/8801\/revisions\/8810"}],"wp:featuredmedia":[{"embeddable":true,"href":"https:\/\/ultrasafe.ma\/index.php?rest_route=\/wp\/v2\/media\/8802"}],"wp:attachment":[{"href":"https:\/\/ultrasafe.ma\/index.php?rest_route=%2Fwp%2Fv2%2Fmedia&parent=8801"}],"wp:term":[{"taxonomy":"product_cat","embeddable":true,"href":"https:\/\/ultrasafe.ma\/index.php?rest_route=%2Fwp%2Fv2%2Fproduct_cat&post=8801"},{"taxonomy":"product_tag","embeddable":true,"href":"https:\/\/ultrasafe.ma\/index.php?rest_route=%2Fwp%2Fv2%2Fproduct_tag&post=8801"}],"curies":[{"name":"wp","href":"https:\/\/api.w.org\/{rel}","templated":true}]}}